{"id":2,"date":"2024-02-26T17:14:50","date_gmt":"2024-02-26T16:14:50","guid":{"rendered":"https:\/\/open-temple.org\/kundalini-berlin\/?page_id=2"},"modified":"2024-03-02T17:49:54","modified_gmt":"2024-03-02T16:49:54","slug":"beispiel-seite","status":"publish","type":"page","link":"https:\/\/open-temple.org\/kundalini-berlin\/","title":{"rendered":"Leben mit Kundalini"},"content":{"rendered":"\t\t<div data-elementor-type=\"wp-page\" data-elementor-id=\"2\" class=\"elementor elementor-2\">\n\t\t\t\t<div class=\"elementor-element elementor-element-3937629 e-flex e-con-boxed e-con e-parent\" data-id=\"3937629\" data-element_type=\"container\">\n\t\t\t\t\t<div class=\"e-con-inner\">\n\t\t\t\t<div class=\"elementor-element elementor-element-dcec82c elementor-widget elementor-widget-image\" data-id=\"dcec82c\" data-element_type=\"widget\" data-widget_type=\"image.default\">\n\t\t\t\t<div class=\"elementor-widget-container\">\n\t\t\t\t\t\t\t\t\t\t\t\t\t\t\t<img decoding=\"async\" src=\"https:\/\/open-temple.org\/kundalini-berlin\/wp-content\/uploads\/sites\/2\/2024\/03\/kundalini-berlin1995.jpg\" title=\"kundalini-berlin1995\" alt=\"kundalini-berlin1995\" loading=\"lazy\" \/>\t\t\t\t\t\t\t\t\t\t\t\t\t\t\t<\/div>\n\t\t\t\t<\/div>\n\t\t\t\t\t<\/div>\n\t\t\t\t<\/div>\n\t\t<div class=\"elementor-element elementor-element-5aa9e44 e-flex e-con-boxed e-con e-parent\" data-id=\"5aa9e44\" data-element_type=\"container\">\n\t\t\t\t\t<div class=\"e-con-inner\">\n\t\t\t\t<div class=\"elementor-element elementor-element-54e0bb8 elementor-widget elementor-widget-text-editor\" data-id=\"54e0bb8\" data-element_type=\"widget\" data-widget_type=\"text-editor.default\">\n\t\t\t\t<div class=\"elementor-widget-container\">\n\t\t\t\t\t\t\t\t\t<p><span style=\"color: #000000;\">Hallo, mein Name ist<strong> Nils Sautter<\/strong> (*76) und ich hatte 1995 im Kontext der ur-buddhistischen Meditationspraxis Vipassana <strong>eine sogenannte Kundalini Erfahrung.<\/strong> Dies ist also bald 30 Jahre her.<br \/><\/span><\/p><p><span style=\"color: #000000;\">Es wurde pl\u00f6tzlich extrem hell in mir und es f\u00fchlte sich an, als w\u00fcrde ein Blitz in mich und mein Becken fahren, worauf sich sowas wie dicke Seile um meine Wirbels\u00e4ule legten, nach oben wickelten und ihren Weg in Richtung meines Gehirns (Krone) bahnten. <\/span><\/p><p><span style=\"color: #000000;\">Je h\u00f6her sich dieser Wirbel in Richtung Kopf arbeitete, um so heller wurde es. Der Eindruck, dass die in mich fahrende Energie <strong>gleichzeitig Verspannungen ausl\u00f6ste und direkt aufl\u00f6ste<\/strong> war \u00fcberdeutlich. Dies erschauerte meinen K\u00f6rper und zeigte sich <em>in unterschiedlichsten Formen von entladendem Zittern.<\/em><\/span><\/p><p><span style=\"color: #000000;\">Alle Farben und meine gesamte Wahrnehmung kam mir <strong>schlagartig intensiver und auch irgendwie n\u00e4her<\/strong> vor &#8211; <em>alles schien regelrecht zu leuchten.<\/em><\/span><\/p><p><span style=\"color: #000000;\">Auch meine eigene Innere Stimme war pl\u00f6tzlich <strong>\u00fcberdeutlich h\u00f6rbar.<\/strong> Anfangs kam mir das sogar wie zwei Stimmen vor &#8211; <em>eine panische, die mit Angst auf die Erfahrung reagierte &#8211; und <strong>eine entspannte und ruhige,<\/strong><\/em> die mich letztlich sogar \u00fcber mehrere Jahre nicht nur begleitete, sondern regelrecht ausbildete im Umgang mit der Erfahrung und Nebeneffekten.<\/span><\/p><p>\u00a0<\/p>\t\t\t\t\t\t\t\t<\/div>\n\t\t\t\t<\/div>\n\t\t\t\t\t<\/div>\n\t\t\t\t<\/div>\n\t\t<div class=\"elementor-element elementor-element-89ff526 e-flex e-con-boxed e-con e-parent\" data-id=\"89ff526\" data-element_type=\"container\">\n\t\t\t\t\t<div class=\"e-con-inner\">\n\t\t\t\t<div class=\"elementor-element elementor-element-ec2f19b elementor-widget elementor-widget-image\" data-id=\"ec2f19b\" data-element_type=\"widget\" data-widget_type=\"image.default\">\n\t\t\t\t<div class=\"elementor-widget-container\">\n\t\t\t\t\t\t\t\t\t\t\t\t\t\t\t<img decoding=\"async\" src=\"https:\/\/open-temple.org\/kundalini-berlin\/wp-content\/uploads\/sites\/2\/2024\/03\/aura-stimmen.jpg\" title=\"aura-stimmen\" alt=\"aura-stimmen\" loading=\"lazy\" \/>\t\t\t\t\t\t\t\t\t\t\t\t\t\t\t<\/div>\n\t\t\t\t<\/div>\n\t\t\t\t\t<\/div>\n\t\t\t\t<\/div>\n\t\t<div class=\"elementor-element elementor-element-26f5eea e-flex e-con-boxed e-con e-parent\" data-id=\"26f5eea\" data-element_type=\"container\">\n\t\t\t\t\t<div class=\"e-con-inner\">\n\t\t\t\t<div class=\"elementor-element elementor-element-701d127 elementor-widget elementor-widget-text-editor\" data-id=\"701d127\" data-element_type=\"widget\" data-widget_type=\"text-editor.default\">\n\t\t\t\t<div class=\"elementor-widget-container\">\n\t\t\t\t\t\t\t\t\t<p>Zu diesen Nebeneffekten z\u00e4hlten zB. extreme Visionen, die praktisch jede Wahrnehmung begleiteten (aber auch die deutliche Innere Stimme). Meine gesamte Innere Kommunikation verlagerte sich weg von einer Fixierung auf meine eigenen Gedanken zu <strong>Stille<\/strong> und einer eher <strong>intuitiven und komplexeren Wahrnehmung<\/strong> auf der Basis von &#8220;einfach Wissen&#8221; oder &#8220;gef\u00fchltem empathischem&#8221; erkennen.<\/p><p>Tats\u00e4chlich gab es anfangs Phasen, wo mir diese Stille im Kopf fast Angst machte. Ich musste erst realisieren, dass wir uns in unserer Kultur an eine andauernd plappernde innere Stimme gew\u00f6hnt haben und diese fast zwanghaft festhalten, Stille im Kopf kaum aushalten k\u00f6nnen und mich an diesen neuen Zustand erst gew\u00f6hnen.<\/p><p>Die f\u00fcr mich deutlichsten Symptome waren wahrscheinlich die<strong> zyklischen Sch\u00fcbe an Energie,<\/strong> die meinen ganzen K\u00f6rper oder Teile zu unterschiedlichen Formen von <em>durchaus entlastendem Zittern anregten.<\/em> Dies hielt \u00fcber viele Jahre an. Zum gro\u00dfen Teil war dies ein feines andauerndes Zittern, das andere Menschen gar nicht wahrgenommen haben (zu meinem Erstaunen, denn innerlich h\u00e4tte ich gedacht, dies m\u00fcsse jeder wahrnehmen k\u00f6nnen).<\/p>\t\t\t\t\t\t\t\t<\/div>\n\t\t\t\t<\/div>\n\t\t\t\t\t<\/div>\n\t\t\t\t<\/div>\n\t\t<div class=\"elementor-element elementor-element-ece356a e-flex e-con-boxed e-con e-parent\" data-id=\"ece356a\" data-element_type=\"container\" data-settings=\"{&quot;background_background&quot;:&quot;classic&quot;}\">\n\t\t\t\t\t<div class=\"e-con-inner\">\n\t\t\t\t<div class=\"elementor-element elementor-element-88fa899 elementor-widget elementor-widget-text-editor\" data-id=\"88fa899\" data-element_type=\"widget\" data-widget_type=\"text-editor.default\">\n\t\t\t\t<div class=\"elementor-widget-container\">\n\t\t\t\t\t\t\t\t\t<p><span style=\"color: #000000;\">Meine <strong>&#8220;Rettung&#8221; (!)<\/strong> war sicherlich, dass ich mit der Meditationstechnik Vipassana das Wichtigste zum Umgang mit der Erfahrung nicht nur gelernt, sondern auch trainiert, hatte. Aber auch, da\u00df ich mich in den darauf folgenden Jahren in Hypnose, Trance, Systemik, Theaterdrama, &#8230; ausbilden liess. <br \/><\/span><\/p><p><span style=\"color: #000000;\">Dies half mir, die Erfahrungen in einem gelebtem Rahmen einzusortieren und mit der <strong>Trauma-Verarbeitung<\/strong> (was eine Kundalini-Erfahrung aus meiner Sicht ist, wie eine nat\u00fcrliche Funktion eines &#8220;Resets&#8221;) umgehen zu lernen.<\/span><\/p><p><span style=\"color: #000000;\">Auch Vipassana kann ich sehr weitgehend <strong>nahezu<\/strong> uneingeschr\u00e4nkt empfehlen, da es sich hier um eine Meditationstechnik ohne Unterordnung zu einer Religion handelt. Allerdings muss ich auch sagen, da\u00df mir die Lehrerin dort bzgl. Kundalini absolut nicht helfen konnte!! <\/span><\/p><p><span style=\"color: #000000;\">Diese Erfahrung machen zahllose Menschen, dass die Lehrer\/innen von Kundalini-Yoga, Tantra, &#8230; und Seminaren der Pers\u00f6nlichkeits-Entwicklung, die potenziell derartige Erfahrungen und Symptome ausl\u00f6sen k\u00f6nnen,<strong> KEINE AHNUNG haben und nicht helfen k\u00f6nnen &#8211; teilweise sogar kontraproduktive oder gar sch\u00e4dliche Empfehlungen geben.<\/strong> Dies empfinde ich als unverantwortlich, was mir vor allem in der Werbung solcher Angebote aufst\u00f6sst. <\/span><\/p><p><span style=\"color: #000000;\">Allerdings haben nur ein Teil der Menschen mit Kundalini-Erfahrung, diese aufgrund von entsprechenden Bildungsangeboten oder Trainings. Ein gro\u00dfer Teil macht diese einfach im Leben, teils in Krisen, sogar durch Gewalterfahrungen, Nahtod, Sexualit\u00e4t, Drogen, &#8230; usw.<\/span><\/p><p><span style=\"color: #000000;\">Dort k\u00f6nnen uns aber <strong>die eher antiquierten Weltbilder in Psychologie und Psychiatrie<\/strong> bzgl. derartigen Krisen gef\u00e4hrlich werden. Leider braucht es teils Jahrzehnte bis sich wissenschaftliche Erkenntnisse durchsetzen (zB. sanfte Trauma-Therapie). Daher finde ich das Engagement f\u00fcr die wissenschaftliche Untersuchung von Kundalini, Meditation und spirituellen Erfahrungen extrem wichtig und engagiere mich hier.<\/span><\/p>\t\t\t\t\t\t\t\t<\/div>\n\t\t\t\t<\/div>\n\t\t\t\t\t<\/div>\n\t\t\t\t<\/div>\n\t\t<div class=\"elementor-element elementor-element-bb77345 e-flex e-con-boxed e-con e-parent\" data-id=\"bb77345\" data-element_type=\"container\" data-settings=\"{&quot;background_background&quot;:&quot;classic&quot;}\">\n\t\t\t\t\t<div class=\"e-con-inner\">\n\t\t\t\t<div class=\"elementor-element elementor-element-0c1a346 elementor-widget elementor-widget-image\" data-id=\"0c1a346\" data-element_type=\"widget\" data-widget_type=\"image.default\">\n\t\t\t\t<div class=\"elementor-widget-container\">\n\t\t\t\t\t\t\t\t\t\t\t\t\t\t\t<img decoding=\"async\" src=\"https:\/\/open-temple.org\/kundalini-berlin\/wp-content\/uploads\/sites\/2\/2024\/03\/kundalini-symptome.jpg\" title=\"kundalini-symptome\" alt=\"kundalini-symptome\" loading=\"lazy\" \/>\t\t\t\t\t\t\t\t\t\t\t\t\t\t\t<\/div>\n\t\t\t\t<\/div>\n\t\t\t\t\t<\/div>\n\t\t\t\t<\/div>\n\t\t<div class=\"elementor-element elementor-element-b5353f0 e-flex e-con-boxed e-con e-parent\" data-id=\"b5353f0\" data-element_type=\"container\" data-settings=\"{&quot;background_background&quot;:&quot;classic&quot;}\">\n\t\t\t\t\t<div class=\"e-con-inner\">\n\t\t\t\t<div class=\"elementor-element elementor-element-b63a623 elementor-widget elementor-widget-text-editor\" data-id=\"b63a623\" data-element_type=\"widget\" data-widget_type=\"text-editor.default\">\n\t\t\t\t<div class=\"elementor-widget-container\">\n\t\t\t\t\t\t\t\t\t<p>Aus meiner Sicht ist die Kundalini ein geradezu autonomes <strong>bio-psychisches Selbstheilungs-System<\/strong> und erkl\u00e4rt nochmals <strong>die Prinzipien der Selbstheilung<\/strong> auf eine &#8220;eigene&#8221; Weise, die sich nat\u00fcrlich mit zahlreichen bereits bekannten Erkenntnissen deckt.<\/p>\t\t\t\t\t\t\t\t<\/div>\n\t\t\t\t<\/div>\n\t\t\t\t\t<\/div>\n\t\t\t\t<\/div>\n\t\t<div class=\"elementor-element elementor-element-842016f e-flex e-con-boxed e-con e-parent\" data-id=\"842016f\" data-element_type=\"container\">\n\t\t\t\t\t<div class=\"e-con-inner\">\n\t\t<div class=\"elementor-element elementor-element-4b47236 e-con-full e-flex e-con e-child\" data-id=\"4b47236\" data-element_type=\"container\">\n\t\t\t\t<div class=\"elementor-element elementor-element-a818dd3 elementor-widget elementor-widget-image\" data-id=\"a818dd3\" data-element_type=\"widget\" data-widget_type=\"image.default\">\n\t\t\t\t<div class=\"elementor-widget-container\">\n\t\t\t\t\t\t\t\t\t\t\t\t\t\t\t\t<a href=\"https:\/\/lerntechnik.org\/\" target=\"_blank\">\n\t\t\t\t\t\t\t<img decoding=\"async\" src=\"https:\/\/lerntechnik.org\/wp-content\/uploads\/2024\/02\/lernen-lernen-cover.png\" title=\"\" alt=\"\" loading=\"lazy\" \/>\t\t\t\t\t\t\t\t<\/a>\n\t\t\t\t\t\t\t\t\t\t\t\t\t\t\t<\/div>\n\t\t\t\t<\/div>\n\t\t\t\t<\/div>\n\t\t<div class=\"elementor-element elementor-element-54c2264 e-con-full e-flex e-con e-child\" data-id=\"54c2264\" data-element_type=\"container\">\n\t\t\t\t<div class=\"elementor-element elementor-element-348a2af elementor-widget elementor-widget-text-editor\" data-id=\"348a2af\" data-element_type=\"widget\" data-widget_type=\"text-editor.default\">\n\t\t\t\t<div class=\"elementor-widget-container\">\n\t\t\t\t\t\t\t\t\t<p>Ich bin in der Lage praktisch s\u00e4mtliche Ph\u00e4nomene der Kundalini-Erfahrung wissenschaftlich und in einfachen verst\u00e4ndlichen Worten zu kommunizieren und habe mir dies deshalb auch zur Aufgabe gemacht.<\/p><p>Ich arbeite nicht nur an einer frischen wissenschaftlichen Basis f\u00fcr die Hypnose sowie Systemik, sondern auch an einigen Grunprinzipien der Psychologie selbst. <\/p>\t\t\t\t\t\t\t\t<\/div>\n\t\t\t\t<\/div>\n\t\t\t\t<\/div>\n\t\t\t\t\t<\/div>\n\t\t\t\t<\/div>\n\t\t<div class=\"elementor-element elementor-element-c9666e4 e-flex e-con-boxed e-con e-parent\" data-id=\"c9666e4\" data-element_type=\"container\">\n\t\t\t\t\t<div class=\"e-con-inner\">\n\t\t\t\t<div class=\"elementor-element elementor-element-fecd481 elementor-widget elementor-widget-text-editor\" data-id=\"fecd481\" data-element_type=\"widget\" data-widget_type=\"text-editor.default\">\n\t\t\t\t<div class=\"elementor-widget-container\">\n\t\t\t\t\t\t\t\t\t<p>Meine (hypnotische) Lerntechnik selbst hat sich aus meiner Kundalini-Erfahrung und meiner besonderen Inneren Stimme ergeben. In dieser Lerntechnik beantworten wir unsere eigenen Fragen in entspanntem Zustand selbst. Tats\u00e4chlich k\u00f6nnen wir das bei den wirklich wichtigen Fragen auch nur so l\u00f6sen: selbst und aus unserem eigenen tiefstem Inneren. Bei den wirklich wichtigen Fragen w\u00fcrden wir keine externen Antworten zulassen &#8211; ausser, wir werden entsprechend manipuliert und unsere Grenzen verletzt.<\/p><p>Diese haben sich mir aus meiner Kundalini-Erfahrung und speziellen Inneren Stimme, meiner Lerntechnik und hypnotischen Umarmung ergeben haben.<\/p>\t\t\t\t\t\t\t\t<\/div>\n\t\t\t\t<\/div>\n\t\t\t\t\t<\/div>\n\t\t\t\t<\/div>\n\t\t<div class=\"elementor-element elementor-element-bb763b6 e-flex e-con-boxed e-con e-parent\" data-id=\"bb763b6\" data-element_type=\"container\">\n\t\t\t\t\t<div class=\"e-con-inner\">\n\t\t\t\t<div class=\"elementor-element elementor-element-d1ea41e elementor-widget-divider--view-line elementor-widget elementor-widget-divider\" data-id=\"d1ea41e\" data-element_type=\"widget\" data-widget_type=\"divider.default\">\n\t\t\t\t<div class=\"elementor-widget-container\">\n\t\t\t\t\t\t\t<div class=\"elementor-divider\">\n\t\t\t<span class=\"elementor-divider-separator\">\n\t\t\t\t\t\t<\/span>\n\t\t<\/div>\n\t\t\t\t\t\t<\/div>\n\t\t\t\t<\/div>\n\t\t\t\t\t<\/div>\n\t\t\t\t<\/div>\n\t\t<div class=\"elementor-element elementor-element-e881258 e-flex e-con-boxed e-con e-parent\" data-id=\"e881258\" data-element_type=\"container\">\n\t\t\t\t\t<div class=\"e-con-inner\">\n\t\t<div class=\"elementor-element elementor-element-274797d e-con-full e-flex e-con e-child\" data-id=\"274797d\" data-element_type=\"container\">\n\t\t\t\t<div class=\"elementor-element elementor-element-34c581a elementor-widget elementor-widget-image\" data-id=\"34c581a\" data-element_type=\"widget\" data-widget_type=\"image.default\">\n\t\t\t\t<div class=\"elementor-widget-container\">\n\t\t\t\t\t\t\t\t\t\t\t\t\t\t\t\t<a href=\"https:\/\/www.facebook.com\/groups\/841851502877355\" target=\"_blank\">\n\t\t\t\t\t\t\t<img decoding=\"async\" src=\"https:\/\/open-temple.org\/kundalini-international\/wp-content\/uploads\/sites\/3\/2024\/03\/kundalini-stories-deutschland-768x768.jpg\" title=\"\" alt=\"\" loading=\"lazy\" \/>\t\t\t\t\t\t\t\t<\/a>\n\t\t\t\t\t\t\t\t\t\t\t\t\t\t\t<\/div>\n\t\t\t\t<\/div>\n\t\t\t\t<\/div>\n\t\t<div class=\"elementor-element elementor-element-88411f1 e-con-full e-flex e-con e-child\" data-id=\"88411f1\" data-element_type=\"container\">\n\t\t\t\t<div class=\"elementor-element elementor-element-9c68877 elementor-widget elementor-widget-text-editor\" data-id=\"9c68877\" data-element_type=\"widget\" data-widget_type=\"text-editor.default\">\n\t\t\t\t<div class=\"elementor-widget-container\">\n\t\t\t\t\t\t\t\t\t<p><span style=\"color: #000000;\">Etwa 2020 bin ich dann auf die<\/span> <a href=\"https:\/\/www.youtube.com\/@dianaahmadi5590\" target=\"_blank\" rel=\"noopener\">Videos von <strong>Diana Ahmadi<\/strong><\/a> <span style=\"color: #000000;\">gestossen, die nicht nur ihre Kundalini Erfahrung \u00f6ffentlich gemacht, sondern auch eine<\/span> <a href=\"https:\/\/www.facebook.com\/groups\/841851502877355\" target=\"_blank\" rel=\"noopener\">Facebook Gruppe f\u00fcr <strong>Menschen mit Kundalini Erfahrungen<\/strong> er\u00f6ffnet<\/a> <span style=\"color: #000000;\">hat.<\/span><\/p><p><span style=\"color: #000000;\">Seither unterst\u00fctze ich Diana in der Moderation<\/span> <a href=\"https:\/\/www.facebook.com\/groups\/841851502877355\" target=\"_blank\" rel=\"noopener\">dieser Gruppe<\/a><span style=\"color: #000000;\">, denn sowas h\u00e4tte ich mir vor rund 30 Jahren sehr gew\u00fcnscht:<\/span><\/p>\t\t\t\t\t\t\t\t<\/div>\n\t\t\t\t<\/div>\n\t\t\t\t<\/div>\n\t\t\t\t\t<\/div>\n\t\t\t\t<\/div>\n\t\t<div class=\"elementor-element elementor-element-7baf794 e-flex e-con-boxed e-con e-parent\" data-id=\"7baf794\" data-element_type=\"container\">\n\t\t\t\t\t<div class=\"e-con-inner\">\n\t\t\t\t<div class=\"elementor-element elementor-element-7420713 elementor-widget elementor-widget-text-editor\" data-id=\"7420713\" data-element_type=\"widget\" data-widget_type=\"text-editor.default\">\n\t\t\t\t<div class=\"elementor-widget-container\">\n\t\t\t\t\t\t\t\t\t<p><span style=\"color: #000000;\"><strong>Die M\u00f6glichkeit, mich mit anderen betroffenen Menschen in einem <em>sicheren Raum<\/em> austauschen zu k\u00f6nnen &#8211; <em>ohne direkt f\u00fcr verr\u00fcckt erkl\u00e4rt zu werden.<\/em><\/strong> So k\u00f6nnen wir sicherlich nicht jedes Problem l\u00f6sen oder jede Frage kl\u00e4ren. Aber in der Regel erhalten wir 3-4 Blickwinkel, die uns helfen k\u00f6nnen, unseren eigenen Standpunkt zu finden. <\/span><\/p><p><span style=\"color: #000000;\">Bitte habt Verst\u00e4ndnis, dass diese Gruppe in erster Linie <strong>f\u00fcr Menschen mit Kundalini Erfahrungen ist &#8211; oder solche, die genau dies aufgrund von Symptomen herausfinden wollen.<\/strong> Beantwortet also bitte die Fragen <span style=\"color: #ff0000;\"><a style=\"color: #ff0000;\" href=\"https:\/\/www.facebook.com\/groups\/841851502877355\" target=\"_blank\" rel=\"noopener\">bei der Anmeldung<\/a><\/span> kurz, aber ehrlich.<br \/><\/span><\/p><p><span style=\"color: #000000;\">Mittlerweile vernetzen sich Menschen mit Kundalini-Erfahrungen f\u00fcr die <strong>Organisation von einem (wissenschaftlichen) Kundalini Kongress und dem Aufbau eines internationalen Netzwerks<\/strong> von und f\u00fcr Menschen mit derartigen Erfahrungen.<\/span><\/p>\t\t\t\t\t\t\t\t<\/div>\n\t\t\t\t<\/div>\n\t\t\t\t\t<\/div>\n\t\t\t\t<\/div>\n\t\t<div class=\"elementor-element elementor-element-f1763d3 e-flex e-con-boxed e-con e-parent\" data-id=\"f1763d3\" data-element_type=\"container\" data-settings=\"{&quot;background_background&quot;:&quot;classic&quot;}\">\n\t\t\t\t\t<div class=\"e-con-inner\">\n\t\t<div class=\"elementor-element elementor-element-b9e4397 e-con-full e-flex e-con e-child\" data-id=\"b9e4397\" data-element_type=\"container\">\n\t\t\t\t<div class=\"elementor-element elementor-element-362bbd4 elementor-widget elementor-widget-image\" data-id=\"362bbd4\" data-element_type=\"widget\" data-widget_type=\"image.default\">\n\t\t\t\t<div class=\"elementor-widget-container\">\n\t\t\t\t\t\t\t\t\t\t\t\t\t\t\t<img fetchpriority=\"high\" decoding=\"async\" width=\"640\" height=\"653\" src=\"https:\/\/open-temple.org\/kundalini-berlin\/wp-content\/uploads\/sites\/2\/2024\/02\/kundalini-hallo-cover-transparent.png\" class=\"attachment-large size-large wp-image-154\" alt=\"\" srcset=\"https:\/\/open-temple.org\/kundalini-berlin\/wp-content\/uploads\/sites\/2\/2024\/02\/kundalini-hallo-cover-transparent.png 768w, https:\/\/open-temple.org\/kundalini-berlin\/wp-content\/uploads\/sites\/2\/2024\/02\/kundalini-hallo-cover-transparent-294x300.png 294w\" sizes=\"(max-width: 640px) 100vw, 640px\" \/>\t\t\t\t\t\t\t\t\t\t\t\t\t\t\t<\/div>\n\t\t\t\t<\/div>\n\t\t\t\t<\/div>\n\t\t<div class=\"elementor-element elementor-element-cc99d11 e-con-full e-flex e-con e-child\" data-id=\"cc99d11\" data-element_type=\"container\">\n\t\t\t\t<div class=\"elementor-element elementor-element-edbd09d elementor-widget elementor-widget-text-editor\" data-id=\"edbd09d\" data-element_type=\"widget\" data-widget_type=\"text-editor.default\">\n\t\t\t\t<div class=\"elementor-widget-container\">\n\t\t\t\t\t\t\t\t\t<p><span style=\"color: #000000;\">In absehbarer Zeit wird es meine <strong>kostenfreie Publikation<\/strong> <strong>&#8220;Hallo Kundalini&#8221;<\/strong> \u00fcber meinen ebenso kostenfreien Newsletter geben.<\/span><\/p><p><span style=\"color: #000000;\">Eine erste Version gab es bereits f\u00fcr meine Patreons, die meine Arbeit ab 1,- \u20ac \/ Monat unterst\u00fctzen. Danke!!<\/span><\/p><p><span style=\"color: #000000;\">Trage Dich in meinen Newsletter ein, wenn Du <strong>&#8220;Hallo Kundalini&#8221;<\/strong> direkt in Dein Postfach willst, sobald es erscheint.<\/span><\/p>\t\t\t\t\t\t\t\t<\/div>\n\t\t\t\t<\/div>\n\t\t\t\t<\/div>\n\t\t\t\t\t<\/div>\n\t\t\t\t<\/div>\n\t\t<div class=\"elementor-element elementor-element-94a3336 e-flex e-con-boxed e-con e-parent\" data-id=\"94a3336\" data-element_type=\"container\" data-settings=\"{&quot;background_background&quot;:&quot;classic&quot;}\">\n\t\t\t\t\t<div class=\"e-con-inner\">\n\t\t\t\t<div class=\"elementor-element elementor-element-677ceaf elementor-widget elementor-widget-shortcode\" data-id=\"677ceaf\" data-element_type=\"widget\" data-widget_type=\"shortcode.default\">\n\t\t\t\t<div class=\"elementor-widget-container\">\n\t\t\t\t\t\t\t<div class=\"elementor-shortcode\"><div class=\"tnp tnp-subscription \">\n<form method=\"post\" action=\"https:\/\/open-temple.org\/kundalini-berlin\/wp-admin\/admin-ajax.php?action=tnp&amp;na=s\">\n<input type=\"hidden\" name=\"nlang\" value=\"\">\n<div class=\"tnp-field tnp-field-email\"><label for=\"tnp-1\">E-Mail-Adresse<\/label>\n<input class=\"tnp-email\" type=\"email\" name=\"ne\" id=\"tnp-1\" value=\"\" placeholder=\"\" required><\/div>\n<div class=\"tnp-field tnp-field-button\" style=\"text-align: left\"><input class=\"tnp-submit\" type=\"submit\" value=\"Abonnieren\" style=\"\">\n<\/div>\n<\/form>\n<\/div>\n<\/div>\n\t\t\t\t\t\t<\/div>\n\t\t\t\t<\/div>\n\t\t\t\t\t<\/div>\n\t\t\t\t<\/div>\n\t\t<div class=\"elementor-element elementor-element-c8f28ad e-flex e-con-boxed e-con e-parent\" data-id=\"c8f28ad\" data-element_type=\"container\">\n\t\t\t\t\t<div class=\"e-con-inner\">\n\t\t\t\t<div class=\"elementor-element elementor-element-43a46fd elementor-widget elementor-widget-spacer\" data-id=\"43a46fd\" data-element_type=\"widget\" data-widget_type=\"spacer.default\">\n\t\t\t\t<div class=\"elementor-widget-container\">\n\t\t\t\t\t\t\t<div class=\"elementor-spacer\">\n\t\t\t<div class=\"elementor-spacer-inner\"><\/div>\n\t\t<\/div>\n\t\t\t\t\t\t<\/div>\n\t\t\t\t<\/div>\n\t\t\t\t\t<\/div>\n\t\t\t\t<\/div>\n\t\t<div class=\"elementor-element elementor-element-f8de1a8 e-flex e-con-boxed e-con e-parent\" data-id=\"f8de1a8\" data-element_type=\"container\">\n\t\t\t\t\t<div class=\"e-con-inner\">\n\t\t<div class=\"elementor-element elementor-element-7305427 e-con-full e-flex e-con e-child\" data-id=\"7305427\" data-element_type=\"container\">\n\t\t\t\t<div class=\"elementor-element elementor-element-433bf82 elementor-widget elementor-widget-image\" data-id=\"433bf82\" data-element_type=\"widget\" data-widget_type=\"image.default\">\n\t\t\t\t<div class=\"elementor-widget-container\">\n\t\t\t\t\t\t\t\t\t\t\t\t\t\t\t<img decoding=\"async\" src=\"https:\/\/lerntechnik.org\/wp-content\/uploads\/2023\/07\/links.jpg\" title=\"\" alt=\"\" loading=\"lazy\" \/>\t\t\t\t\t\t\t\t\t\t\t\t\t\t\t<\/div>\n\t\t\t\t<\/div>\n\t\t\t\t<\/div>\n\t\t<div class=\"elementor-element elementor-element-3bd9834 e-con-full e-flex e-con e-child\" data-id=\"3bd9834\" data-element_type=\"container\">\n\t\t\t\t<div class=\"elementor-element elementor-element-8367563 elementor-widget elementor-widget-text-editor\" data-id=\"8367563\" data-element_type=\"widget\" data-widget_type=\"text-editor.default\">\n\t\t\t\t<div class=\"elementor-widget-container\">\n\t\t\t\t\t\t\t\t\t<p><strong>Nils Sautter<\/strong><\/p><p>*76, hier im Wachsfigurenkabinett Amsterdam (links;) )<\/p><p><a href=\"https:\/\/seminarleiter.org\" target=\"_blank\" rel=\"noopener\">Seminarleiter<\/a> f\u00fcr <a href=\"https:\/\/erlebnils.de\" target=\"_blank\" rel=\"noopener\">Hypnose<\/a>, <a href=\"https:\/\/herzlich.org\" target=\"_blank\" rel=\"noopener\">Systemik<\/a>, <a href=\"https:\/\/lerntechnik.org\" target=\"_blank\" rel=\"noopener\">Lerntechniken<\/a>, <a href=\"https:\/\/SOULution.me\" target=\"_blank\" rel=\"noopener\">Projektmanagement<\/a>, <a href=\"https:\/\/ernte.org\" target=\"_blank\" rel=\"noopener\">Marketing<\/a>, <a href=\"https:\/\/finanzier.club\" target=\"_blank\" rel=\"noopener\">F\u00f6rdermittel &amp; kreative FInanzierung \/ Auswertung<\/a>, <a href=\"https:\/\/herzlich.org\" target=\"_blank\" rel=\"noopener\">hypnotische Selbstumarmung &amp; systemische Umarmung<\/a><\/p>\t\t\t\t\t\t\t\t<\/div>\n\t\t\t\t<\/div>\n\t\t\t\t<\/div>\n\t\t\t\t\t<\/div>\n\t\t\t\t<\/div>\n\t\t<div class=\"elementor-element elementor-element-70baaa6 e-flex e-con-boxed e-con e-parent\" data-id=\"70baaa6\" data-element_type=\"container\">\n\t\t\t\t\t<div class=\"e-con-inner\">\n\t\t\t\t<div class=\"elementor-element elementor-element-766fa9a elementor-widget elementor-widget-text-editor\" data-id=\"766fa9a\" data-element_type=\"widget\" data-widget_type=\"text-editor.default\">\n\t\t\t\t<div class=\"elementor-widget-container\">\n\t\t\t\t\t\t\t\t\t<p>Gelernter Filmproducer (Creative Producer f\u00fcr Film &amp; TV, ISFF), Projektmanager f\u00fcr F\u00f6rdermittel, speziell EU (emcra.eu), Fachinformatiker f\u00fcr Anwendungsentwicklung in Umschulung<\/p>\t\t\t\t\t\t\t\t<\/div>\n\t\t\t\t<\/div>\n\t\t\t\t\t<\/div>\n\t\t\t\t<\/div>\n\t\t\t\t<\/div>\n\t\t","protected":false},"excerpt":{"rendered":"<p>Hallo, mein Name ist Nils Sautter (*76) und ich hatte 1995 im Kontext der ur-buddhistischen<\/p>\n","protected":false},"author":1,"featured_media":0,"parent":0,"menu_order":0,"comment_status":"closed","ping_status":"open","template":"","meta":{"footnotes":""},"_links":{"self":[{"href":"https:\/\/open-temple.org\/kundalini-berlin\/wp-json\/wp\/v2\/pages\/2"}],"collection":[{"href":"https:\/\/open-temple.org\/kundalini-berlin\/wp-json\/wp\/v2\/pages"}],"about":[{"href":"https:\/\/open-temple.org\/kundalini-berlin\/wp-json\/wp\/v2\/types\/page"}],"author":[{"embeddable":true,"href":"https:\/\/open-temple.org\/kundalini-berlin\/wp-json\/wp\/v2\/users\/1"}],"replies":[{"embeddable":true,"href":"https:\/\/open-temple.org\/kundalini-berlin\/wp-json\/wp\/v2\/comments?post=2"}],"version-history":[{"count":209,"href":"https:\/\/open-temple.org\/kundalini-berlin\/wp-json\/wp\/v2\/pages\/2\/revisions"}],"predecessor-version":[{"id":412,"href":"https:\/\/open-temple.org\/kundalini-berlin\/wp-json\/wp\/v2\/pages\/2\/revisions\/412"}],"wp:attachment":[{"href":"https:\/\/open-temple.org\/kundalini-berlin\/wp-json\/wp\/v2\/media?parent=2"}],"curies":[{"name":"wp","href":"https:\/\/api.w.org\/{rel}","templated":true}]}}