{"id":2,"date":"2024-02-26T23:38:39","date_gmt":"2024-02-26T22:38:39","guid":{"rendered":"https:\/\/open-temple.org\/heilkreis\/?page_id=2"},"modified":"2024-12-20T20:57:38","modified_gmt":"2024-12-20T19:57:38","slug":"beispiel-seite","status":"publish","type":"page","link":"https:\/\/open-temple.org\/heilkreis\/","title":{"rendered":"Netzwerk von und f\u00fcr Heilpraktizierende"},"content":{"rendered":"\t\t<div data-elementor-type=\"wp-page\" data-elementor-id=\"2\" class=\"elementor elementor-2\">\n\t\t\t\t<div class=\"elementor-element elementor-element-0ecc431 e-flex e-con-boxed e-con e-parent\" data-id=\"0ecc431\" data-element_type=\"container\">\n\t\t\t\t\t<div class=\"e-con-inner\">\n\t\t\t\t<div class=\"elementor-element elementor-element-fb7b5a5 elementor-widget elementor-widget-text-editor\" data-id=\"fb7b5a5\" data-element_type=\"widget\" data-widget_type=\"text-editor.default\">\n\t\t\t\t<div class=\"elementor-widget-container\">\n\t\t\t\t\t\t\t\t\t<h3><strong>Session Tausch &#8211; wechselseitige Heilarbeit f\u00fcr pers\u00f6nliche und gemeinsame Weiterentwicklung.<\/strong><\/h3><ul><li><h4>Wechselseitige Unterst\u00fctzung, Heilkreise, Mediation, Aus- &amp; Weiterbildung, Lern-Tandems<\/h4><\/li><li><h4><a href=\"https:\/\/seminarleiter.org\" target=\"_blank\" rel=\"noopener\">Gemeinschafts-Praxen, Seminar-R\u00e4ume, Seminar-Zentren, &#8230; (Netzwerk SeminarLeiter)<\/a><\/h4><\/li><li><h4>F\u00f6rderung wissenschaftlicher Erforschung spiritueller Krisen, Symptome, Syndrome, &#8230; wie zB. <a href=\"https:\/\/open-temple.org\/kundalini-international\/\" target=\"_blank\" rel=\"noopener\">Kundalini (Schlangenbewegung e.V. i.Gr.)<\/a><\/h4><\/li><\/ul>\t\t\t\t\t\t\t\t<\/div>\n\t\t\t\t<\/div>\n\t\t\t\t\t<\/div>\n\t\t\t\t<\/div>\n\t\t<div class=\"elementor-element elementor-element-9486db6 e-flex e-con-boxed e-con e-parent\" data-id=\"9486db6\" data-element_type=\"container\">\n\t\t\t\t\t<div class=\"e-con-inner\">\n\t\t<div class=\"elementor-element elementor-element-8806741 e-con-full e-flex e-con e-child\" data-id=\"8806741\" data-element_type=\"container\">\n\t\t\t\t<div class=\"elementor-element elementor-element-d164d68 elementor-widget elementor-widget-image\" data-id=\"d164d68\" data-element_type=\"widget\" data-widget_type=\"image.default\">\n\t\t\t\t<div class=\"elementor-widget-container\">\n\t\t\t\t\t\t\t\t\t\t\t\t\t\t\t<img fetchpriority=\"high\" decoding=\"async\" width=\"640\" height=\"640\" src=\"https:\/\/open-temple.org\/heilkreis\/wp-content\/uploads\/sites\/4\/2024\/12\/hypno-tandem.jpeg\" class=\"attachment-large size-large wp-image-101\" alt=\"\" srcset=\"https:\/\/open-temple.org\/heilkreis\/wp-content\/uploads\/sites\/4\/2024\/12\/hypno-tandem.jpeg 1024w, https:\/\/open-temple.org\/heilkreis\/wp-content\/uploads\/sites\/4\/2024\/12\/hypno-tandem-300x300.jpeg 300w, https:\/\/open-temple.org\/heilkreis\/wp-content\/uploads\/sites\/4\/2024\/12\/hypno-tandem-150x150.jpeg 150w, https:\/\/open-temple.org\/heilkreis\/wp-content\/uploads\/sites\/4\/2024\/12\/hypno-tandem-768x768.jpeg 768w\" sizes=\"(max-width: 640px) 100vw, 640px\" \/>\t\t\t\t\t\t\t\t\t\t\t\t\t\t\t<\/div>\n\t\t\t\t<\/div>\n\t\t\t\t<\/div>\n\t\t<div class=\"elementor-element elementor-element-17f763b e-con-full e-flex e-con e-child\" data-id=\"17f763b\" data-element_type=\"container\">\n\t\t\t\t<div class=\"elementor-element elementor-element-13e07f8 elementor-widget elementor-widget-text-editor\" data-id=\"13e07f8\" data-element_type=\"widget\" data-widget_type=\"text-editor.default\">\n\t\t\t\t<div class=\"elementor-widget-container\">\n\t\t\t\t\t\t\t\t\t<p><strong><span style=\"color: #000000;\">Hypno Tandem<\/span><\/strong><\/p><p><span style=\"color: #000000;\">Hypnose lernen und trainieren ist alleine nur sehr begrenzt m\u00f6glich, weshalb wir mit dem <strong>&#8222;Hypno-Tandem&#8220;<\/strong> Teams und Gruppen bilden, die wechselseitig und gemeinsam Hypnose trainieren und sich somit spielend weiterentwickeln k\u00f6nnen.<\/span><\/p><p><span style=\"color: #000000;\">\u00dcber die Anmeldung im Newsletter informieren wir genauer \u00fcber die M\u00f6glichkeiten im <strong>&#8222;Hypno Tandem&#8220;.<\/strong><\/span><\/p>\t\t\t\t\t\t\t\t<\/div>\n\t\t\t\t<\/div>\n\t\t\t\t<\/div>\n\t\t\t\t\t<\/div>\n\t\t\t\t<\/div>\n\t\t<div class=\"elementor-element elementor-element-814f30a e-flex e-con-boxed e-con e-parent\" data-id=\"814f30a\" data-element_type=\"container\">\n\t\t\t\t\t<div class=\"e-con-inner\">\n\t\t\t\t<div class=\"elementor-element elementor-element-5959ff3 elementor-widget elementor-widget-spacer\" data-id=\"5959ff3\" data-element_type=\"widget\" data-widget_type=\"spacer.default\">\n\t\t\t\t<div class=\"elementor-widget-container\">\n\t\t\t\t\t\t\t<div class=\"elementor-spacer\">\n\t\t\t<div class=\"elementor-spacer-inner\"><\/div>\n\t\t<\/div>\n\t\t\t\t\t\t<\/div>\n\t\t\t\t<\/div>\n\t\t\t\t\t<\/div>\n\t\t\t\t<\/div>\n\t\t<div class=\"elementor-element elementor-element-01b82d4 e-flex e-con-boxed e-con e-parent\" data-id=\"01b82d4\" data-element_type=\"container\" data-settings=\"{&quot;background_background&quot;:&quot;classic&quot;}\">\n\t\t\t\t\t<div class=\"e-con-inner\">\n\t\t\t\t<div class=\"elementor-element elementor-element-9ed53c9 elementor-widget elementor-widget-text-editor\" data-id=\"9ed53c9\" data-element_type=\"widget\" data-widget_type=\"text-editor.default\">\n\t\t\t\t<div class=\"elementor-widget-container\">\n\t\t\t\t\t\t\t\t\t<h2><strong>Kostenfrei informiert bleiben:<\/strong><\/h2>\t\t\t\t\t\t\t\t<\/div>\n\t\t\t\t<\/div>\n\t\t\t\t\t<\/div>\n\t\t\t\t<\/div>\n\t\t<div class=\"elementor-element elementor-element-5ae04f0 e-flex e-con-boxed e-con e-parent\" data-id=\"5ae04f0\" data-element_type=\"container\" data-settings=\"{&quot;background_background&quot;:&quot;classic&quot;}\">\n\t\t\t\t\t<div class=\"e-con-inner\">\n\t\t\t\t<div class=\"elementor-element elementor-element-902145c elementor-widget elementor-widget-shortcode\" data-id=\"902145c\" data-element_type=\"widget\" data-widget_type=\"shortcode.default\">\n\t\t\t\t<div class=\"elementor-widget-container\">\n\t\t\t\t\t\t\t<div class=\"elementor-shortcode\"><div class=\"tnp tnp-subscription \">\n<form method=\"post\" action=\"https:\/\/open-temple.org\/heilkreis\/wp-admin\/admin-ajax.php?action=tnp&amp;na=s\">\n<input type=\"hidden\" name=\"nlang\" value=\"\">\n<div class=\"tnp-field tnp-field-email\"><label for=\"tnp-1\">E-Mail-Adresse<\/label>\n<input class=\"tnp-email\" type=\"email\" name=\"ne\" id=\"tnp-1\" value=\"\" placeholder=\"\" required><\/div>\n<div class=\"tnp-field tnp-field-button\" style=\"text-align: left\"><input class=\"tnp-submit\" type=\"submit\" value=\"Abonnieren\" style=\"\">\n<\/div>\n<\/form>\n<\/div>\n<\/div>\n\t\t\t\t\t\t<\/div>\n\t\t\t\t<\/div>\n\t\t\t\t\t<\/div>\n\t\t\t\t<\/div>\n\t\t<div class=\"elementor-element elementor-element-d12c155 e-flex e-con-boxed e-con e-parent\" data-id=\"d12c155\" data-element_type=\"container\" data-settings=\"{&quot;background_background&quot;:&quot;classic&quot;}\">\n\t\t\t\t\t<div class=\"e-con-inner\">\n\t\t\t\t<div class=\"elementor-element elementor-element-21f6212 elementor-widget elementor-widget-text-editor\" data-id=\"21f6212\" data-element_type=\"widget\" data-widget_type=\"text-editor.default\">\n\t\t\t\t<div class=\"elementor-widget-container\">\n\t\t\t\t\t\t\t\t\t<p>Abmeldung jederzeit mit einfachem Link &#8211; wir geben keine Daten weiter (<span style=\"text-decoration: underline;\"><span style=\"color: #000000; text-decoration: underline;\"><a style=\"color: #000000; text-decoration: underline;\" href=\"https:\/\/open-temple.org\/heilkreis\/datenschutz\/\">Datenschutz<\/a><\/span><\/span>)<\/p>\t\t\t\t\t\t\t\t<\/div>\n\t\t\t\t<\/div>\n\t\t\t\t\t<\/div>\n\t\t\t\t<\/div>\n\t\t<div class=\"elementor-element elementor-element-b83e992 e-flex e-con-boxed e-con e-parent\" data-id=\"b83e992\" data-element_type=\"container\">\n\t\t\t\t\t<div class=\"e-con-inner\">\n\t\t\t\t<div class=\"elementor-element elementor-element-5f72cc7 elementor-widget elementor-widget-spacer\" data-id=\"5f72cc7\" data-element_type=\"widget\" data-widget_type=\"spacer.default\">\n\t\t\t\t<div class=\"elementor-widget-container\">\n\t\t\t\t\t\t\t<div class=\"elementor-spacer\">\n\t\t\t<div class=\"elementor-spacer-inner\"><\/div>\n\t\t<\/div>\n\t\t\t\t\t\t<\/div>\n\t\t\t\t<\/div>\n\t\t\t\t\t<\/div>\n\t\t\t\t<\/div>\n\t\t\t\t<\/div>\n\t\t","protected":false},"excerpt":{"rendered":"<p>Session Tausch &#8211; wechselseitige Heilarbeit f\u00fcr pers\u00f6nliche und gemeinsame Weiterentwicklung. Wechselseitige Unterst\u00fctzung, Heilkreise, Mediation, Aus-<\/p>\n","protected":false},"author":2,"featured_media":0,"parent":0,"menu_order":0,"comment_status":"closed","ping_status":"open","template":"","meta":{"footnotes":""},"_links":{"self":[{"href":"https:\/\/open-temple.org\/heilkreis\/wp-json\/wp\/v2\/pages\/2"}],"collection":[{"href":"https:\/\/open-temple.org\/heilkreis\/wp-json\/wp\/v2\/pages"}],"about":[{"href":"https:\/\/open-temple.org\/heilkreis\/wp-json\/wp\/v2\/types\/page"}],"author":[{"embeddable":true,"href":"https:\/\/open-temple.org\/heilkreis\/wp-json\/wp\/v2\/users\/2"}],"replies":[{"embeddable":true,"href":"https:\/\/open-temple.org\/heilkreis\/wp-json\/wp\/v2\/comments?post=2"}],"version-history":[{"count":53,"href":"https:\/\/open-temple.org\/heilkreis\/wp-json\/wp\/v2\/pages\/2\/revisions"}],"predecessor-version":[{"id":113,"href":"https:\/\/open-temple.org\/heilkreis\/wp-json\/wp\/v2\/pages\/2\/revisions\/113"}],"wp:attachment":[{"href":"https:\/\/open-temple.org\/heilkreis\/wp-json\/wp\/v2\/media?parent=2"}],"curies":[{"name":"wp","href":"https:\/\/api.w.org\/{rel}","templated":true}]}}